{"id":365,"date":"2022-09-01T09:13:33","date_gmt":"2022-09-01T09:13:33","guid":{"rendered":"https:\/\/www.maximerochat.ch\/chalet\/?page_id=365"},"modified":"2022-09-01T20:26:53","modified_gmt":"2022-09-01T20:26:53","slug":"check-in","status":"publish","type":"page","link":"https:\/\/www.maximerochat.ch\/chalet\/home\/check-in\/","title":{"rendered":"Check-In"},"content":{"rendered":"\t\t<div data-elementor-type=\"wp-page\" data-elementor-id=\"365\" class=\"elementor elementor-365\">\n\t\t\t\t\t\t\t\t\t<section class=\"elementor-section elementor-top-section elementor-element elementor-element-f7afe5e elementor-section-height-min-height elementor-section-boxed elementor-section-height-default elementor-section-items-middle\" data-id=\"f7afe5e\" data-element_type=\"section\" data-settings=\"{&quot;background_background&quot;:&quot;classic&quot;}\">\n\t\t\t\t\t\t\t<div class=\"elementor-background-overlay\"><\/div>\n\t\t\t\t\t\t\t<div class=\"elementor-container elementor-column-gap-default\">\n\t\t\t\t\t<div class=\"elementor-column elementor-col-100 elementor-top-column elementor-element elementor-element-8b61c0e elementor-invisible\" data-id=\"8b61c0e\" data-element_type=\"column\" data-settings=\"{&quot;animation&quot;:&quot;fadeInLeft&quot;}\">\n\t\t\t<div class=\"elementor-widget-wrap elementor-element-populated\">\n\t\t\t\t\t\t\t\t<div class=\"elementor-element elementor-element-0fcf5d1 e-transform elementor-widget elementor-widget-heading\" data-id=\"0fcf5d1\" data-element_type=\"widget\" data-settings=\"{&quot;_transform_translateY_effect&quot;:{&quot;unit&quot;:&quot;px&quot;,&quot;size&quot;:-20,&quot;sizes&quot;:[]},&quot;_transform_translateX_effect&quot;:{&quot;unit&quot;:&quot;px&quot;,&quot;size&quot;:&quot;&quot;,&quot;sizes&quot;:[]},&quot;_transform_translateX_effect_tablet&quot;:{&quot;unit&quot;:&quot;px&quot;,&quot;size&quot;:&quot;&quot;,&quot;sizes&quot;:[]},&quot;_transform_translateX_effect_mobile&quot;:{&quot;unit&quot;:&quot;px&quot;,&quot;size&quot;:&quot;&quot;,&quot;sizes&quot;:[]},&quot;_transform_translateY_effect_tablet&quot;:{&quot;unit&quot;:&quot;px&quot;,&quot;size&quot;:&quot;&quot;,&quot;sizes&quot;:[]},&quot;_transform_translateY_effect_mobile&quot;:{&quot;unit&quot;:&quot;px&quot;,&quot;size&quot;:&quot;&quot;,&quot;sizes&quot;:[]}}\" data-widget_type=\"heading.default\">\n\t\t\t\t<div class=\"elementor-widget-container\">\n\t\t\t<style>\/*! elementor - v3.7.3 - 29-08-2022 *\/\n.elementor-heading-title{padding:0;margin:0;line-height:1}.elementor-widget-heading .elementor-heading-title[class*=elementor-size-]>a{color:inherit;font-size:inherit;line-height:inherit}.elementor-widget-heading .elementor-heading-title.elementor-size-small{font-size:15px}.elementor-widget-heading .elementor-heading-title.elementor-size-medium{font-size:19px}.elementor-widget-heading .elementor-heading-title.elementor-size-large{font-size:29px}.elementor-widget-heading .elementor-heading-title.elementor-size-xl{font-size:39px}.elementor-widget-heading .elementor-heading-title.elementor-size-xxl{font-size:59px}<\/style><h1 class=\"elementor-heading-title elementor-size-default\">Check-In<\/h1>\t\t<\/div>\n\t\t\t\t<\/div>\n\t\t\t\t\t<\/div>\n\t\t<\/div>\n\t\t\t\t\t\t\t<\/div>\n\t\t<\/section>\n\t\t\t\t<section class=\"elementor-section elementor-top-section elementor-element elementor-element-852a19f elementor-reverse-mobile elementor-section-boxed elementor-section-height-default elementor-section-height-default\" data-id=\"852a19f\" data-element_type=\"section\">\n\t\t\t\t\t\t<div class=\"elementor-container elementor-column-gap-default\">\n\t\t\t\t\t<div class=\"elementor-column elementor-col-50 elementor-top-column elementor-element elementor-element-c155fa1\" data-id=\"c155fa1\" data-element_type=\"column\">\n\t\t\t<div class=\"elementor-widget-wrap elementor-element-populated\">\n\t\t\t\t\t\t\t\t<div class=\"elementor-element elementor-element-eacf359 elementor-absolute elementor-invisible elementor-widget elementor-widget-heading\" data-id=\"eacf359\" data-element_type=\"widget\" data-settings=\"{&quot;_position&quot;:&quot;absolute&quot;,&quot;_animation&quot;:&quot;fadeInDown&quot;}\" data-widget_type=\"heading.default\">\n\t\t\t\t<div class=\"elementor-widget-container\">\n\t\t\t<h2 class=\"elementor-heading-title elementor-size-default\">Itin\u00e9raire<\/h2>\t\t<\/div>\n\t\t\t\t<\/div>\n\t\t\t\t<div class=\"elementor-element elementor-element-17ef69e elementor-invisible elementor-widget elementor-widget-text-editor\" data-id=\"17ef69e\" data-element_type=\"widget\" data-settings=\"{&quot;_animation&quot;:&quot;fadeInUp&quot;,&quot;_animation_delay&quot;:150}\" data-widget_type=\"text-editor.default\">\n\t\t\t\t<div class=\"elementor-widget-container\">\n\t\t\t<style>\/*! elementor - v3.7.3 - 29-08-2022 *\/\n.elementor-widget-text-editor.elementor-drop-cap-view-stacked .elementor-drop-cap{background-color:#818a91;color:#fff}.elementor-widget-text-editor.elementor-drop-cap-view-framed .elementor-drop-cap{color:#818a91;border:3px solid;background-color:transparent}.elementor-widget-text-editor:not(.elementor-drop-cap-view-default) .elementor-drop-cap{margin-top:8px}.elementor-widget-text-editor:not(.elementor-drop-cap-view-default) .elementor-drop-cap-letter{width:1em;height:1em}.elementor-widget-text-editor .elementor-drop-cap{float:left;text-align:center;line-height:1;font-size:50px}.elementor-widget-text-editor .elementor-drop-cap-letter{display:inline-block}<\/style>\t\t\t\t<p>\u2192 Sortir \u00e0 la deuxi\u00e8me sortie de Sion (Val d\u2019H\u00e9rens)<\/p>\n<p>\u2192 Aller jusqu\u2019\u00e0 Vex, puis bifurquer sur H\u00e9r\u00e9mence. Continuer et traverser Prolin et M\u00e2che<\/p>\n<p>\u2192 Quelques kilom\u00e8tres apr\u00e8s M\u00e2che (10km), prendre la route de montagne \u00e0 droite indiquant \u00ab La Coutaz \/ Louch\u00e9 \u00bb<\/p>\n<p>\u2192 &nbsp; Monter cette petite route de montagne pendant quelques minutes ; apr\u00e8s un virage en \u00e9pingle \u00e0 cheveux, continuer encore 200m et se parquer. Il y a de la place pour 2-3 voitures le long de la route (vous pouvez tourner un peu plus haut dans un virage). Si vous regarder \u00e0 gauche et que vous voyez un chalet avec comme nom \u00ab La Remointze \u00bb c\u2019est que vous \u00eates all\u00e9s un poil trop loin.<\/p>\t\t\t\t\t\t<\/div>\n\t\t\t\t<\/div>\n\t\t\t\t\t<\/div>\n\t\t<\/div>\n\t\t\t\t<div class=\"elementor-column elementor-col-50 elementor-top-column elementor-element elementor-element-746ed84\" data-id=\"746ed84\" data-element_type=\"column\">\n\t\t\t<div class=\"elementor-widget-wrap elementor-element-populated\">\n\t\t\t\t\t\t\t\t<div class=\"elementor-element elementor-element-9057693 elementor-absolute elementor-invisible elementor-widget elementor-widget-heading\" data-id=\"9057693\" data-element_type=\"widget\" data-settings=\"{&quot;_position&quot;:&quot;absolute&quot;,&quot;_animation&quot;:&quot;fadeInDown&quot;}\" data-widget_type=\"heading.default\">\n\t\t\t\t<div class=\"elementor-widget-container\">\n\t\t\t<h2 class=\"elementor-heading-title elementor-size-default\">Arriv\u00e9e au mayen<\/h2>\t\t<\/div>\n\t\t\t\t<\/div>\n\t\t\t\t<div class=\"elementor-element elementor-element-e7aa753 elementor-position-left elementor-view-default elementor-mobile-position-top elementor-vertical-align-top elementor-invisible elementor-widget elementor-widget-icon-box\" data-id=\"e7aa753\" data-element_type=\"widget\" data-settings=\"{&quot;_animation&quot;:&quot;fadeInUp&quot;,&quot;_animation_delay&quot;:150}\" data-widget_type=\"icon-box.default\">\n\t\t\t\t<div class=\"elementor-widget-container\">\n\t\t\t<link rel=\"stylesheet\" href=\"https:\/\/www.maximerochat.ch\/chalet\/wp-content\/plugins\/elementor\/assets\/css\/widget-icon-box.min.css\">\t\t<div class=\"elementor-icon-box-wrapper\">\n\t\t\t\t\t\t<div class=\"elementor-icon-box-icon\">\n\t\t\t\t<span class=\"elementor-icon elementor-animation-\" >\n\t\t\t\t<svg xmlns=\"http:\/\/www.w3.org\/2000\/svg\" width=\"32\" height=\"32\" viewBox=\"0 0 32 32\"><g transform=\"matrix(-1 0 0 1 -1425.685 -615.01)\"><path fill=\"#fbd67e\" fill-rule=\"evenodd\" d=\"m -1430.1836,-400.85156 -4.3086,0.5625 -9.1914,9.17578 c -3.0373,-1.2453 -6.5297,-0.17305 -8.3476,2.56055 -1.818,2.7335 -1.4558,6.368 0.8671,8.6875 2.323,2.3194 5.9606,2.67736 8.6914,0.85546 2.7308,-1.822 3.7966,-5.31606 2.5469,-8.35156 l 2.4356,-2.4375 0.1875,-2.06055 2.0605,-0.1875 0.1875,-2.06054 2.0606,-0.1875 0.1875,-2.06055 2.0605,-0.1875 z m -17.4707,15.49804 a 2.0030899,2.0031931 45 0 1 1.3867,0.58594 2.0030899,2.0031931 45 0 1 0,2.83203 2.0030899,2.0031931 45 0 1 -2.834,0 2.0030899,2.0031931 45 0 1 0,-2.83203 2.0030899,2.0031931 45 0 1 1.4453,-0.58594 z\" transform=\"translate(0 1020.362)\"><\/path><g stroke=\"#444166\" transform=\"translate(-469.21 -512.34)\"><g transform=\"translate(-1018.475 86.739)\"><path fill=\"#586597\" d=\"m 38.230725,1060.8425 c -0.973361,0.9733 -0.974725,2.5663 -0.0014,3.5396 0.97334,0.9734 2.567703,0.9734 3.541064,0 0.97336,-0.9733 0.971953,-2.5663 -0.0014,-3.5396 -0.97334,-0.9734 -2.564931,-0.9734 -3.538292,0 z m 0.707107,0.7071 c 0.591226,-0.5912 1.532908,-0.5912 2.124078,0 0.59117,0.5911 0.592612,1.5342 0.0014,2.1254 -0.591233,0.5913 -1.53568,0.5912 -2.12685,0 -0.59117,-0.5911 -0.589847,-1.5342 0.0014,-2.1254 z\" font-family=\"sans-serif\" font-weight=\"400\" style=\"line-height:normal;font-variant-ligatures:normal;font-variant-position:normal;font-variant-caps:normal;font-variant-numeric:normal;font-variant-alternates:normal;font-feature-settings:normal;text-indent:0;text-align:start;text-decoration-line:none;text-decoration-style:solid;text-decoration-color:#000;text-transform:none;text-orientation:mixed;shape-padding:0;isolation:auto;mix-blend-mode:normal\" stroke=\"none\"><\/path><path fill=\"#586597\" fill-rule=\"evenodd\" d=\"m 57.5,1044.6133 a 0.50005,0.50005 0 0 0 -0.06445,0 l -4.308594,0.5605 a 0.50005,0.50005 0 0 0 -0.289062,0.1426 l -9.001953,8.9902 c -1.526993,-0.5382 -3.13865,-0.6024 -4.613282,-0.1503 a 0.50041978,0.50041978 0 1 0 0.292969,0.957 c 1.373372,-0.421 2.885053,-0.3807 4.294922,0.1973 a 0.50005,0.50005 0 0 0 0.542969,-0.1094 l 9.070312,-9.0567 3.496094,-0.457 -0.425781,3.2676 -1.66211,0.1523 a 0.50005,0.50005 0 0 0 -0.453125,0.4512 l -0.15039,1.6465 -1.644532,0.1504 a 0.50005,0.50005 0 0 0 -0.453125,0.4531 l -0.15039,1.6445 -1.644531,0.1504 a 0.50005,0.50005 0 0 0 -0.453126,0.4531 l -0.171874,1.8809 -2.306641,2.3066 a 0.50005,0.50005 0 0 0 -0.109375,0.545 c 1.160216,2.818 0.17384,6.0546 -2.361328,7.7461 -2.53517,1.6913 -5.904029,1.3602 -8.060547,-0.793 -2.156484,-2.1533 -2.49232,-5.5209 -0.804688,-8.0586 a 0.5008047,0.5008047 0 1 0 -0.833984,-0.5547 c -1.948118,2.9294 -1.557736,6.8346 0.931641,9.3203 2.489423,2.4856 6.395819,2.8704 9.322265,0.918 2.82229,-1.883 3.932475,-5.4347 2.810547,-8.6035 l 2.248047,-2.2481 a 0.50005,0.50005 0 0 0 0.144531,-0.3086 l 0.148438,-1.6445 1.646484,-0.1504 a 0.50005,0.50005 0 0 0 0.453125,-0.4531 l 0.150391,-1.6465 1.644531,-0.1484 a 0.50005,0.50005 0 0 0 0.453125,-0.4532 l 0.150391,-1.6464 1.644531,-0.1485 a 0.50005,0.50005 0 0 0 0.451172,-0.4336 l 0.5625,-4.3086 A 0.50005,0.50005 0 0 0 57.5,1044.6133 Z\" font-family=\"sans-serif\" font-weight=\"400\" style=\"line-height:normal;font-variant-ligatures:normal;font-variant-position:normal;font-variant-caps:normal;font-variant-numeric:normal;font-variant-alternates:normal;font-feature-settings:normal;text-indent:0;text-align:start;text-decoration-line:none;text-decoration-style:solid;text-decoration-color:#000;text-transform:none;text-orientation:mixed;shape-padding:0;isolation:auto;mix-blend-mode:normal\" stroke=\"none\"><\/path><\/g><path fill=\"#586597\" stroke=\"none\" d=\"m -980.75981,1142.4796 a 0.5,0.5 0 0 1 -0.5,0.5 0.5,0.5 0 0 1 -0.5,-0.5 0.5,0.5 0 0 1 0.5,-0.5 0.5,0.5 0 0 1 0.5,0.5 z\"><\/path><\/g><\/g><\/svg>\t\t\t\t<\/span>\n\t\t\t<\/div>\n\t\t\t\t\t\t<div class=\"elementor-icon-box-content\">\n\t\t\t\t<h3 class=\"elementor-icon-box-title\">\n\t\t\t\t\t<span  >\n\t\t\t\t\t\tCL\u00c9 \t\t\t\t\t<\/span>\n\t\t\t\t<\/h3>\n\t\t\t\t\t\t\t\t\t<p class=\"elementor-icon-box-description\">\n\t\t\t\t\t\tLa cl\u00e9 est dans un \u00ab\u00a0safe\u00a0\u00bb sur la terrasse abrit\u00e9e en face de la porte. Elle est prot\u00e9g\u00e9 par le code que nous vous avons transmis\t\t\t\t\t<\/p>\n\t\t\t\t\t\t\t<\/div>\n\t\t<\/div>\n\t\t\t\t<\/div>\n\t\t\t\t<\/div>\n\t\t\t\t<div class=\"elementor-element elementor-element-2f146d7 elementor-position-left elementor-view-default elementor-mobile-position-top elementor-vertical-align-top elementor-invisible elementor-widget elementor-widget-icon-box\" data-id=\"2f146d7\" data-element_type=\"widget\" data-settings=\"{&quot;_animation&quot;:&quot;fadeInUp&quot;,&quot;_animation_delay&quot;:150}\" data-widget_type=\"icon-box.default\">\n\t\t\t\t<div class=\"elementor-widget-container\">\n\t\t\t\t\t<div class=\"elementor-icon-box-wrapper\">\n\t\t\t\t\t\t<div class=\"elementor-icon-box-icon\">\n\t\t\t\t<span class=\"elementor-icon elementor-animation-\" >\n\t\t\t\t<svg xmlns=\"http:\/\/www.w3.org\/2000\/svg\" xmlns:xlink=\"http:\/\/www.w3.org\/1999\/xlink\" x=\"0px\" y=\"0px\" viewBox=\"0 0 1000 1000\" xml:space=\"preserve\"><metadata> Svg Vector Icons : http:\/\/www.onlinewebfonts.com\/icon <\/metadata><g><path d=\"M745.4,823.5c-1.9-234.6-1.7-469.2-0.1-703.8c0.3-40-14.9-64.8-50.3-76.7C565.4-0.7,435.4-1.3,305.8,43.1c-35.2,12-51.8,35.8-51.1,76.1c2.3,116.5,0.8,233,0.8,349.5c0,118.1,1.5,236.2-0.9,354.3c-0.8,38.1,14.9,57.1,48.4,64.4c131.1,28.8,262.4,29.3,393.6,0.1C729.9,880,745.7,862,745.4,823.5z M502.5,116.9c37.8,1.3,70.2,34.5,69.9,71.5c-0.3,39.9-34.5,72.2-74.8,70.7c-38.7-1.4-70.1-33.3-70-70.9C427.7,149,462.8,115.5,502.5,116.9z M441.4,554.2c16.8-33.5,33.5-67.1,52.7-105.6c23.1,36.2,49.7,71.7,69.7,110.6c18.5,35.8,20.9,74.5-16.4,102.8c-31.9,24.2-66,22.8-95.7-3.6C417.8,628,422.9,591.2,441.4,554.2z\"><\/path><path d=\"M601.9,933.4c-68.4,0-136.2,0-206.3,0C448.8,1009.5,560,1008.2,601.9,933.4z\"><\/path><path d=\"M499.3,587.4c12,18.1,21.3,32,31.3,47c21.9-47.4,13.3-76.3-32.7-112.8c-17.4,34.3-54.9,63.4-28.1,116.7C481.3,618.7,488.3,606.6,499.3,587.4z\"><\/path><path d=\"M499.8,221.4c4.3,0,7.7-3.5,7.7-7.7c0-0.8-0.1-1.6-0.3-2.3l-7.1-81.9l-7.6,81.8c-0.2,0.7-0.4,1.5-0.4,2.3C492,218,495.5,221.4,499.8,221.4z\"><\/path><\/g><\/svg>\t\t\t\t<\/span>\n\t\t\t<\/div>\n\t\t\t\t\t\t<div class=\"elementor-icon-box-content\">\n\t\t\t\t<h3 class=\"elementor-icon-box-title\">\n\t\t\t\t\t<span  >\n\t\t\t\t\t\tEAU CHAUDE\t\t\t\t\t<\/span>\n\t\t\t\t<\/h3>\n\t\t\t\t\t\t\t\t\t<p class=\"elementor-icon-box-description\">\n\t\t\t\t\t\tPour allumer l\u2019eau chaude, il faut aller dans l\u2019\u00e9curie (cl\u00e9 cach\u00e9e sur la poutre) et tourner le bouton du boiler sur I, puis attendre quelques heures.\n\t\t\t\t\t<\/p>\n\t\t\t\t\t\t\t<\/div>\n\t\t<\/div>\n\t\t\t\t<\/div>\n\t\t\t\t<\/div>\n\t\t\t\t\t<\/div>\n\t\t<\/div>\n\t\t\t\t\t\t\t<\/div>\n\t\t<\/section>\n\t\t\t\t<section class=\"elementor-section elementor-top-section elementor-element elementor-element-9de5f87 elementor-section-boxed elementor-section-height-default elementor-section-height-default\" data-id=\"9de5f87\" data-element_type=\"section\">\n\t\t\t\t\t\t<div class=\"elementor-container elementor-column-gap-default\">\n\t\t\t\t\t<div class=\"elementor-column elementor-col-100 elementor-top-column elementor-element elementor-element-462fe93 elementor-invisible\" data-id=\"462fe93\" data-element_type=\"column\" data-settings=\"{&quot;animation&quot;:&quot;fadeIn&quot;}\">\n\t\t\t<div class=\"elementor-widget-wrap elementor-element-populated\">\n\t\t\t\t\t\t\t\t<div class=\"elementor-element elementor-element-16cfb86 elementor-widget elementor-widget-google_maps\" data-id=\"16cfb86\" data-element_type=\"widget\" data-widget_type=\"google_maps.default\">\n\t\t\t\t<div class=\"elementor-widget-container\">\n\t\t\t<style>\/*! elementor - v3.7.3 - 29-08-2022 *\/\n.elementor-widget-google_maps .elementor-widget-container{overflow:hidden}.elementor-widget-google_maps iframe{height:300px}<\/style>\t\t<div class=\"elementor-custom-embed\">\n\t\t\t<iframe frameborder=\"0\" scrolling=\"no\" marginheight=\"0\" marginwidth=\"0\"\n\t\t\t\t\tsrc=\"https:\/\/maps.google.com\/maps?q=%2046%C2%B007%2749.5%22N%207%C2%B023%2716.7%22E&#038;t=m&#038;z=13&#038;output=embed&#038;iwloc=near\"\n\t\t\t\t\ttitle=\" 46\u00b007&#039;49.5&quot;N 7\u00b023&#039;16.7&quot;E\"\n\t\t\t\t\taria-label=\" 46\u00b007&#039;49.5&quot;N 7\u00b023&#039;16.7&quot;E\"\n\t\t\t><\/iframe>\n\t\t<\/div>\n\t\t\t\t<\/div>\n\t\t\t\t<\/div>\n\t\t\t\t\t<\/div>\n\t\t<\/div>\n\t\t\t\t\t\t\t<\/div>\n\t\t<\/section>\n\t\t\t\t\t\t\t<\/div>\n\t\t","protected":false},"excerpt":{"rendered":"<p>Check-In Itin\u00e9raire \u2192 Sortir \u00e0 la deuxi\u00e8me sortie de Sion (Val d\u2019H\u00e9rens) \u2192 Aller jusqu\u2019\u00e0 Vex, puis bifurquer sur H\u00e9r\u00e9mence. Continuer et traverser Prolin et M\u00e2che \u2192 Quelques kilom\u00e8tres apr\u00e8s M\u00e2che (10km), prendre la route de montagne \u00e0 droite indiquant \u00ab La Coutaz \/ Louch\u00e9 \u00bb \u2192 &nbsp; Monter cette petite route de montagne pendant &hellip;<\/p>\n<p class=\"read-more\"> <a class=\"\" href=\"https:\/\/www.maximerochat.ch\/chalet\/home\/check-in\/\"> <span class=\"screen-reader-text\">Check-In<\/span> Lire la suite\u00a0\u00bb<\/a><\/p>\n","protected":false},"author":1,"featured_media":0,"parent":30,"menu_order":0,"comment_status":"closed","ping_status":"closed","template":"elementor_header_footer","meta":{"site-sidebar-layout":"no-sidebar","site-content-layout":"page-builder","ast-global-header-display":"","ast-main-header-display":"","ast-hfb-above-header-display":"","ast-hfb-below-header-display":"","ast-hfb-mobile-header-display":"","site-post-title":"disabled","ast-breadcrumbs-content":"","ast-featured-img":"disabled","footer-sml-layout":"","theme-transparent-header-meta":"","adv-header-id-meta":"","stick-header-meta":"","header-above-stick-meta":"","header-main-stick-meta":"","header-below-stick-meta":"","footnotes":""},"class_list":["post-365","page","type-page","status-publish","hentry"],"_links":{"self":[{"href":"https:\/\/www.maximerochat.ch\/chalet\/wp-json\/wp\/v2\/pages\/365","targetHints":{"allow":["GET"]}}],"collection":[{"href":"https:\/\/www.maximerochat.ch\/chalet\/wp-json\/wp\/v2\/pages"}],"about":[{"href":"https:\/\/www.maximerochat.ch\/chalet\/wp-json\/wp\/v2\/types\/page"}],"author":[{"embeddable":true,"href":"https:\/\/www.maximerochat.ch\/chalet\/wp-json\/wp\/v2\/users\/1"}],"replies":[{"embeddable":true,"href":"https:\/\/www.maximerochat.ch\/chalet\/wp-json\/wp\/v2\/comments?post=365"}],"version-history":[{"count":76,"href":"https:\/\/www.maximerochat.ch\/chalet\/wp-json\/wp\/v2\/pages\/365\/revisions"}],"predecessor-version":[{"id":779,"href":"https:\/\/www.maximerochat.ch\/chalet\/wp-json\/wp\/v2\/pages\/365\/revisions\/779"}],"up":[{"embeddable":true,"href":"https:\/\/www.maximerochat.ch\/chalet\/wp-json\/wp\/v2\/pages\/30"}],"wp:attachment":[{"href":"https:\/\/www.maximerochat.ch\/chalet\/wp-json\/wp\/v2\/media?parent=365"}],"curies":[{"name":"wp","href":"https:\/\/api.w.org\/{rel}","templated":true}]}}