{"id":402,"date":"2022-09-01T09:40:23","date_gmt":"2022-09-01T09:40:23","guid":{"rendered":"https:\/\/www.maximerochat.ch\/chalet\/?page_id=402"},"modified":"2022-09-02T14:57:55","modified_gmt":"2022-09-02T14:57:55","slug":"activites","status":"publish","type":"page","link":"https:\/\/www.maximerochat.ch\/chalet\/activites\/","title":{"rendered":"Activit\u00e9s"},"content":{"rendered":"\t\t<div data-elementor-type=\"wp-page\" data-elementor-id=\"402\" class=\"elementor elementor-402\">\n\t\t\t\t\t\t\t\t\t<section class=\"elementor-section elementor-top-section elementor-element elementor-element-a8699ae elementor-section-height-min-height elementor-section-boxed elementor-section-height-default elementor-section-items-middle\" data-id=\"a8699ae\" data-element_type=\"section\" data-settings=\"{&quot;background_background&quot;:&quot;classic&quot;}\">\n\t\t\t\t\t\t\t<div class=\"elementor-background-overlay\"><\/div>\n\t\t\t\t\t\t\t<div class=\"elementor-container elementor-column-gap-default\">\n\t\t\t\t\t<div class=\"elementor-column elementor-col-100 elementor-top-column elementor-element elementor-element-7dd865e\" data-id=\"7dd865e\" data-element_type=\"column\">\n\t\t\t<div class=\"elementor-widget-wrap elementor-element-populated\">\n\t\t\t\t\t\t\t\t<div class=\"elementor-element elementor-element-8901e94 elementor-invisible elementor-widget elementor-widget-heading\" data-id=\"8901e94\" data-element_type=\"widget\" data-settings=\"{&quot;_animation&quot;:&quot;fadeInDown&quot;}\" data-widget_type=\"heading.default\">\n\t\t\t\t<div class=\"elementor-widget-container\">\n\t\t\t<style>\/*! elementor - v3.7.3 - 29-08-2022 *\/\n.elementor-heading-title{padding:0;margin:0;line-height:1}.elementor-widget-heading .elementor-heading-title[class*=elementor-size-]>a{color:inherit;font-size:inherit;line-height:inherit}.elementor-widget-heading .elementor-heading-title.elementor-size-small{font-size:15px}.elementor-widget-heading .elementor-heading-title.elementor-size-medium{font-size:19px}.elementor-widget-heading .elementor-heading-title.elementor-size-large{font-size:29px}.elementor-widget-heading .elementor-heading-title.elementor-size-xl{font-size:39px}.elementor-widget-heading .elementor-heading-title.elementor-size-xxl{font-size:59px}<\/style><h1 class=\"elementor-heading-title elementor-size-default\">Activit\u00e9s<\/h1>\t\t<\/div>\n\t\t\t\t<\/div>\n\t\t\t\t\t<\/div>\n\t\t<\/div>\n\t\t\t\t\t\t\t<\/div>\n\t\t<\/section>\n\t\t\t\t<section class=\"elementor-section elementor-top-section elementor-element elementor-element-f89c63c elementor-section-boxed elementor-section-height-default elementor-section-height-default\" data-id=\"f89c63c\" data-element_type=\"section\">\n\t\t\t\t\t\t<div class=\"elementor-container elementor-column-gap-default\">\n\t\t\t\t\t<div class=\"elementor-column elementor-col-100 elementor-top-column elementor-element elementor-element-458a58f\" data-id=\"458a58f\" data-element_type=\"column\">\n\t\t\t<div class=\"elementor-widget-wrap elementor-element-populated\">\n\t\t\t\t\t\t\t\t<div class=\"elementor-element elementor-element-15c8942 elementor-invisible elementor-widget elementor-widget-ile-item-lists-elementor-widget\" data-id=\"15c8942\" data-element_type=\"widget\" data-settings=\"{&quot;_animation&quot;:&quot;fadeInUp&quot;}\" data-widget_type=\"ile-item-lists-elementor-widget.default\">\n\t\t\t\t<div class=\"elementor-widget-container\">\n\t\t\t<!-- Start Gradient Ordered Bullet Style -->\r\n<div class=\"ile-gradient-ordered-bullet-style\">\r\n    <ol class=\"ile-container-holder\">\r\n            <li class=\"ile-content-container ile-number-alignment-top\">\r\n            <div class=\"ile-content-box\">\r\n                <h2 class=\"ile-title\">Randonn\u00e9es<\/h2>\r\n                <p class=\"ile-content\">Le mayen peut \u00eatre le point de d\u00e9part de plusieurs belles randonn\u00e9es. \n<br>\nLa marche pour aller aux \"Gouilles\". Pour voir d'autres parcours cliquez <a href=\"https:\/\/www.maximerochat.ch\/chalet\/wp-content\/uploads\/2022\/09\/ACTIVITES-AU-DEPART-DU-CHALET.pdf\" target=\"_blank\">ici<\/a><\/p>\r\n            <\/div>\r\n        <\/li>        <li class=\"ile-content-container ile-number-alignment-top\">\r\n            <div class=\"ile-content-box\">\r\n                <h2 class=\"ile-title\">Visite de la Grande Dixence<\/h2>\r\n                <p class=\"ile-content\">La grande dixence est le plus grand barrage-poids du monde et Il se trouve \u00e0 ~15 minutes en voitures du mayen. L\u00e0-bas, plusieurs activit\u00e9s sont disponibles telles qu'une tyrolienne, un mus\u00e9e sur la construction du barrage ou encore beaucoup de sentiers de randonn\u00e9es au alentour du barrage. Pour en savoir plus cliquez  <a href=\"http:\/\/www.grande-dixence.ch\/\" target=\"_blank\">ici<\/a><\/p>\r\n            <\/div>\r\n        <\/li>        <li class=\"ile-content-container ile-number-alignment-top\">\r\n            <div class=\"ile-content-box\">\r\n                <h2 class=\"ile-title\">Pass du val d'H\u00e9rens<\/h2>\r\n                <p class=\"ile-content\">Grace au pass du val d'H\u00e9rens vous avez acc\u00e8s \u00e0 de multiples offres sur les loisirs de la r\u00e9gion. N'h\u00e9sitez pas \u00e0 aller les voir sur leur site <a href=\"https:\/\/www.valdherens.ch\/fr\/activites-lm\" target=\"_blank\">ici<\/a><\/p>\r\n            <\/div>\r\n        <\/li>    <\/ol>\r\n<\/div>\r\n<!-- End Gradient Ordered Bullet Style -->\t\t<\/div>\n\t\t\t\t<\/div>\n\t\t\t\t\t<\/div>\n\t\t<\/div>\n\t\t\t\t\t\t\t<\/div>\n\t\t<\/section>\n\t\t\t\t<section class=\"elementor-section elementor-top-section elementor-element elementor-element-4e7952d4 elementor-section-height-min-height elementor-section-boxed elementor-section-height-default elementor-section-items-middle\" data-id=\"4e7952d4\" data-element_type=\"section\" data-settings=\"{&quot;background_background&quot;:&quot;classic&quot;}\">\n\t\t\t\t\t\t<div class=\"elementor-container elementor-column-gap-default\">\n\t\t\t\t\t<div class=\"elementor-column elementor-col-100 elementor-top-column elementor-element elementor-element-6c7d61be\" data-id=\"6c7d61be\" data-element_type=\"column\">\n\t\t\t<div class=\"elementor-widget-wrap\">\n\t\t\t\t\t\t\t\t\t<\/div>\n\t\t<\/div>\n\t\t\t\t\t\t\t<\/div>\n\t\t<\/section>\n\t\t\t\t\t\t\t<\/div>\n\t\t","protected":false},"excerpt":{"rendered":"<p>Activit\u00e9s Randonn\u00e9es Le mayen peut \u00eatre le point de d\u00e9part de plusieurs belles randonn\u00e9es. La marche pour aller aux \u00ab\u00a0Gouilles\u00a0\u00bb. Pour voir d&rsquo;autres parcours cliquez ici Visite de la Grande Dixence La grande dixence est le plus grand barrage-poids du monde et Il se trouve \u00e0 ~15 minutes en voitures du mayen. L\u00e0-bas, plusieurs activit\u00e9s &hellip;<\/p>\n<p class=\"read-more\"> <a class=\"\" href=\"https:\/\/www.maximerochat.ch\/chalet\/activites\/\"> <span class=\"screen-reader-text\">Activit\u00e9s<\/span> Lire la suite\u00a0\u00bb<\/a><\/p>\n","protected":false},"author":1,"featured_media":0,"parent":0,"menu_order":0,"comment_status":"closed","ping_status":"closed","template":"","meta":{"site-sidebar-layout":"no-sidebar","site-content-layout":"page-builder","ast-global-header-display":"","ast-main-header-display":"","ast-hfb-above-header-display":"","ast-hfb-below-header-display":"","ast-hfb-mobile-header-display":"","site-post-title":"disabled","ast-breadcrumbs-content":"","ast-featured-img":"disabled","footer-sml-layout":"","theme-transparent-header-meta":"","adv-header-id-meta":"","stick-header-meta":"","header-above-stick-meta":"","header-main-stick-meta":"","header-below-stick-meta":"","footnotes":""},"class_list":["post-402","page","type-page","status-publish","hentry"],"_links":{"self":[{"href":"https:\/\/www.maximerochat.ch\/chalet\/wp-json\/wp\/v2\/pages\/402","targetHints":{"allow":["GET"]}}],"collection":[{"href":"https:\/\/www.maximerochat.ch\/chalet\/wp-json\/wp\/v2\/pages"}],"about":[{"href":"https:\/\/www.maximerochat.ch\/chalet\/wp-json\/wp\/v2\/types\/page"}],"author":[{"embeddable":true,"href":"https:\/\/www.maximerochat.ch\/chalet\/wp-json\/wp\/v2\/users\/1"}],"replies":[{"embeddable":true,"href":"https:\/\/www.maximerochat.ch\/chalet\/wp-json\/wp\/v2\/comments?post=402"}],"version-history":[{"count":37,"href":"https:\/\/www.maximerochat.ch\/chalet\/wp-json\/wp\/v2\/pages\/402\/revisions"}],"predecessor-version":[{"id":822,"href":"https:\/\/www.maximerochat.ch\/chalet\/wp-json\/wp\/v2\/pages\/402\/revisions\/822"}],"wp:attachment":[{"href":"https:\/\/www.maximerochat.ch\/chalet\/wp-json\/wp\/v2\/media?parent=402"}],"curies":[{"name":"wp","href":"https:\/\/api.w.org\/{rel}","templated":true}]}}